{"id":237,"date":"2020-06-09T05:55:23","date_gmt":"2020-06-09T05:55:23","guid":{"rendered":"https:\/\/psyperiu.com\/?page_id=237"},"modified":"2020-07-27T05:36:23","modified_gmt":"2020-07-27T05:36:23","slug":"consultanta-strategii-psihologice","status":"publish","type":"page","link":"https:\/\/psyperiu.com\/en\/servicii\/consultanta-strategii-psihologice\/","title":{"rendered":"Counselling &amp; Psychological Strategies"},"content":{"rendered":"<div data-elementor-type=\"wp-page\" data-elementor-id=\"237\" class=\"elementor elementor-237\">\n\t\t\t\t\t\t<div class=\"elementor-inner\">\n\t\t\t\t<div class=\"elementor-section-wrap\">\n\t\t\t\t\t\t\t\t\t<section class=\"elementor-section elementor-top-section elementor-element elementor-element-80cac9e elementor-section-height-full elementor-section-items-stretch elementor-section-full_width elementor-section-stretched elementor-section-height-default\" data-id=\"80cac9e\" data-element_type=\"section\" data-settings=\"{&quot;stretch_section&quot;:&quot;section-stretched&quot;}\">\n\t\t\t\t\t\t\t<div class=\"elementor-background-overlay\"><\/div>\n\t\t\t\t\t\t\t<div class=\"elementor-container elementor-column-gap-default\">\n\t\t\t\t\t\t\t<div class=\"elementor-row\">\n\t\t\t\t\t<div class=\"elementor-column elementor-col-50 elementor-top-column elementor-element elementor-element-aadc87f\" data-id=\"aadc87f\" data-element_type=\"column\" data-settings=\"{&quot;background_motion_fx_motion_fx_mouse&quot;:&quot;yes&quot;,&quot;background_motion_fx_mouseTrack_effect&quot;:&quot;yes&quot;,&quot;background_motion_fx_mouseTrack_direction&quot;:&quot;negative&quot;,&quot;background_motion_fx_mouseTrack_speed&quot;:{&quot;unit&quot;:&quot;px&quot;,&quot;size&quot;:0.40000000000000002220446049250313080847263336181640625,&quot;sizes&quot;:[]},&quot;background_background&quot;:&quot;classic&quot;}\">\n\t\t\t<div class=\"elementor-column-wrap elementor-element-populated\">\n\t\t\t\t\t\t\t<div class=\"elementor-widget-wrap\">\n\t\t\t\t\t\t<section class=\"elementor-section elementor-inner-section elementor-element elementor-element-0f690c4 elementor-section-boxed elementor-section-height-default elementor-section-height-default\" data-id=\"0f690c4\" data-element_type=\"section\">\n\t\t\t\t\t\t<div class=\"elementor-container elementor-column-gap-default\">\n\t\t\t\t\t\t\t<div class=\"elementor-row\">\n\t\t\t\t\t<div class=\"elementor-column elementor-col-100 elementor-inner-column elementor-element elementor-element-629ea18\" data-id=\"629ea18\" data-element_type=\"column\">\n\t\t\t<div class=\"elementor-column-wrap elementor-element-populated\">\n\t\t\t\t\t\t\t<div class=\"elementor-widget-wrap\">\n\t\t\t\t\t\t<div class=\"elementor-element elementor-element-d177297 elementor-widget elementor-widget-theme-site-logo elementor-widget-image\" data-id=\"d177297\" data-element_type=\"widget\" data-widget_type=\"theme-site-logo.default\">\n\t\t\t\t<div class=\"elementor-widget-container\">\n\t\t\t\t\t\t\t\t<div class=\"elementor-image\">\n\t\t\t\t\t\t\t\t\t\t\t\t\t<a href=\"https:\/\/psyperiu.com\/en\">\n\t\t\t\t\t\t\t<img decoding=\"async\" width=\"740\" height=\"160\" src=\"https:\/\/psyperiu.com\/wp-content\/uploads\/2020\/07\/logo-psyperiu-gold-gradient.svg\" class=\"attachment-full size-full wp-image-441\" alt=\"\" loading=\"lazy\" \/>\t\t\t\t\t\t\t\t<\/a>\n\t\t\t\t\t\t\t\t\t\t\t\t\t\t<\/div>\n\t\t\t\t\t\t<\/div>\n\t\t\t\t<\/div>\n\t\t\t\t<div class=\"elementor-element elementor-element-19a5735 elementor-widget elementor-widget-spacer\" data-id=\"19a5735\" data-element_type=\"widget\" data-widget_type=\"spacer.default\">\n\t\t\t\t<div class=\"elementor-widget-container\">\n\t\t\t\t\t<div class=\"elementor-spacer\">\n\t\t\t<div class=\"elementor-spacer-inner\"><\/div>\n\t\t<\/div>\n\t\t\t\t<\/div>\n\t\t\t\t<\/div>\n\t\t\t\t\t\t<\/div>\n\t\t\t\t\t<\/div>\n\t\t<\/div>\n\t\t\t\t\t\t\t\t<\/div>\n\t\t\t\t\t<\/div>\n\t\t<\/section>\n\t\t\t\t<section class=\"elementor-section elementor-inner-section elementor-element elementor-element-f2fcfae elementor-section-boxed elementor-section-height-default elementor-section-height-default\" data-id=\"f2fcfae\" data-element_type=\"section\">\n\t\t\t\t\t\t<div class=\"elementor-container elementor-column-gap-default\">\n\t\t\t\t\t\t\t<div class=\"elementor-row\">\n\t\t\t\t\t<div class=\"elementor-column elementor-col-100 elementor-inner-column elementor-element elementor-element-c88b894\" data-id=\"c88b894\" data-element_type=\"column\">\n\t\t\t<div class=\"elementor-column-wrap elementor-element-populated\">\n\t\t\t\t\t\t\t<div class=\"elementor-widget-wrap\">\n\t\t\t\t\t\t<div class=\"elementor-element elementor-element-5628fad elementor-widget__width-auto elementor-view-default elementor-widget elementor-widget-icon\" data-id=\"5628fad\" data-element_type=\"widget\" data-widget_type=\"icon.default\">\n\t\t\t\t<div class=\"elementor-widget-container\">\n\t\t\t\t\t<div class=\"elementor-icon-wrapper\">\n\t\t\t<a class=\"elementor-icon\" href=\"https:\/\/psyperiu.com\/en\/servicii\/analize-studii-cu-impact-psihologic\/\">\n\t\t\t<i aria-hidden=\"true\" class=\"fas fa-chevron-left\"><\/i>\t\t\t<\/a>\n\t\t<\/div>\n\t\t\t\t<\/div>\n\t\t\t\t<\/div>\n\t\t\t\t<div class=\"elementor-element elementor-element-4e9f17a elementor-widget__width-auto elementor-view-default elementor-widget elementor-widget-icon\" data-id=\"4e9f17a\" data-element_type=\"widget\" data-widget_type=\"icon.default\">\n\t\t\t\t<div class=\"elementor-widget-container\">\n\t\t\t\t\t<div class=\"elementor-icon-wrapper\">\n\t\t\t<a class=\"elementor-icon\" href=\"https:\/\/psyperiu.com\/en\/servicii\/elaborare-profil-psihologic\/\">\n\t\t\t<i aria-hidden=\"true\" class=\"fas fa-chevron-right\"><\/i>\t\t\t<\/a>\n\t\t<\/div>\n\t\t\t\t<\/div>\n\t\t\t\t<\/div>\n\t\t\t\t\t\t<\/div>\n\t\t\t\t\t<\/div>\n\t\t<\/div>\n\t\t\t\t\t\t\t\t<\/div>\n\t\t\t\t\t<\/div>\n\t\t<\/section>\n\t\t\t\t\t\t<\/div>\n\t\t\t\t\t<\/div>\n\t\t<\/div>\n\t\t\t\t<div class=\"elementor-column elementor-col-50 elementor-top-column elementor-element elementor-element-6aa270e\" data-id=\"6aa270e\" data-element_type=\"column\">\n\t\t\t<div class=\"elementor-column-wrap elementor-element-populated\">\n\t\t\t\t\t\t\t<div class=\"elementor-widget-wrap\">\n\t\t\t\t\t\t<div class=\"elementor-element elementor-element-d3ce51e elementor-widget elementor-widget-text-editor\" data-id=\"d3ce51e\" data-element_type=\"widget\" data-widget_type=\"text-editor.default\">\n\t\t\t\t<div class=\"elementor-widget-container\">\n\t\t\t\t\t\t\t\t<div class=\"elementor-text-editor elementor-clearfix\">\n\t\t\t\t<p>The construction of a brand starts from the idea of the entrepreneur which is then analysed and expressed by the team of specialists. They deal with how the content of the product or service offered by the customer can be represented.<\/p><p>Our team provides customers with the support they need to better define their business and intentions, before presenting them in a graphic form or communicating them.<br \/>Psyperiu considers a successful branding process only when the client's ideas and guidelines have been fully understood, and then the final result is fully transposed.<\/p><p>Another important process is rebranding, which has the role of reinventing something we already have on the market. Whether we want to adapt to new trends, or we want to give a new start to the company or we want to choose some elements (visual, audio, graphics, text) more representative of the products and services offered, rebranding is the optimal solution.<\/p><p>The specialists from the Psyperiu team offer:<\/p><ul><li>consultancy and organizational intervention;<\/li><li>consulting and realization in the process of branding, rebranding and product design;<\/li><li>management strategies;<\/li><li>short, medium and long term consultancy and development strategies.<\/li><\/ul>\t\t\t\t\t<\/div>\n\t\t\t\t\t\t<\/div>\n\t\t\t\t<\/div>\n\t\t\t\t<div class=\"elementor-element elementor-element-d0755c4 elementor-widget elementor-widget-shortcode\" data-id=\"d0755c4\" data-element_type=\"widget\" data-widget_type=\"shortcode.default\">\n\t\t\t\t<div class=\"elementor-widget-container\">\n\t\t\t\t\t<div class=\"elementor-shortcode\">\t\t<div data-elementor-type=\"section\" data-elementor-id=\"462\" class=\"elementor elementor-462\">\n\t\t\t\t\t<div class=\"elementor-section-wrap\">\n\t\t\t\t\t\t\t\t<section class=\"elementor-section elementor-top-section elementor-element elementor-element-0b5d3d5 elementor-section-boxed elementor-section-height-default elementor-section-height-default\" data-id=\"0b5d3d5\" data-element_type=\"section\">\n\t\t\t\t\t\t<div class=\"elementor-container elementor-column-gap-default\">\n\t\t\t\t\t\t\t<div class=\"elementor-row\">\n\t\t\t\t\t<div class=\"elementor-column elementor-col-100 elementor-top-column elementor-element elementor-element-c7f7dbd\" data-id=\"c7f7dbd\" data-element_type=\"column\">\n\t\t\t<div class=\"elementor-column-wrap elementor-element-populated\">\n\t\t\t\t\t\t\t<div class=\"elementor-widget-wrap\">\n\t\t\t\t\t\t<section class=\"elementor-section elementor-inner-section elementor-element elementor-element-a4863ec elementor-section-boxed elementor-section-height-default elementor-section-height-default\" data-id=\"a4863ec\" data-element_type=\"section\">\n\t\t\t\t\t\t<div class=\"elementor-container elementor-column-gap-default\">\n\t\t\t\t\t\t\t<div class=\"elementor-row\">\n\t\t\t\t\t<div class=\"elementor-column elementor-col-100 elementor-inner-column elementor-element elementor-element-c2ade8c\" data-id=\"c2ade8c\" data-element_type=\"column\">\n\t\t\t<div class=\"elementor-column-wrap elementor-element-populated\">\n\t\t\t\t\t\t\t<div class=\"elementor-widget-wrap\">\n\t\t\t\t\t\t<div class=\"elementor-element elementor-element-c373914 elementor-nav-menu__align-center elementor-nav-menu--dropdown-none elementor-widget elementor-widget-nav-menu\" data-id=\"c373914\" data-element_type=\"widget\" data-settings=\"{&quot;layout&quot;:&quot;horizontal&quot;,&quot;submenu_icon&quot;:{&quot;value&quot;:&quot;&lt;i class=\\&quot;fas fa-caret-down\\&quot;&gt;&lt;\\\/i&gt;&quot;,&quot;library&quot;:&quot;fa-solid&quot;}}\" data-widget_type=\"nav-menu.default\">\n\t\t\t\t<div class=\"elementor-widget-container\">\n\t\t\t\t\t\t<nav migration_allowed=\"1\" migrated=\"0\" class=\"elementor-nav-menu--main elementor-nav-menu__container elementor-nav-menu--layout-horizontal e--pointer-none\">\n\t\t\t\t<ul id=\"menu-1-c373914\" class=\"elementor-nav-menu\"><li class=\"menu-item menu-item-type-post_type menu-item-object-page menu-item-257\"><a href=\"https:\/\/psyperiu.com\/en\/termeni-si-conditii\/\" class=\"elementor-item\">Terms and conditions<\/a><\/li>\n<li class=\"menu-item menu-item-type-post_type menu-item-object-page menu-item-privacy-policy menu-item-263\"><a href=\"https:\/\/psyperiu.com\/en\/politica-de-confidentialitate\/\" class=\"elementor-item\">Privacy policy<\/a><\/li>\n<li class=\"menu-item menu-item-type-custom menu-item-object-custom menu-item-260\"><a href=\"mailto:contact@psyperiu.com\" class=\"elementor-item\">Contact<\/a><\/li>\n<\/ul>\t\t\t<\/nav>\n\t\t\t\t\t\t<nav class=\"elementor-nav-menu--dropdown elementor-nav-menu__container\" aria-hidden=\"true\">\n\t\t\t\t<ul id=\"menu-2-c373914\" class=\"elementor-nav-menu\"><li class=\"menu-item menu-item-type-post_type menu-item-object-page menu-item-257\"><a href=\"https:\/\/psyperiu.com\/en\/termeni-si-conditii\/\" class=\"elementor-item\" tabindex=\"-1\">Terms and conditions<\/a><\/li>\n<li class=\"menu-item menu-item-type-post_type menu-item-object-page menu-item-privacy-policy menu-item-263\"><a href=\"https:\/\/psyperiu.com\/en\/politica-de-confidentialitate\/\" class=\"elementor-item\" tabindex=\"-1\">Privacy policy<\/a><\/li>\n<li class=\"menu-item menu-item-type-custom menu-item-object-custom menu-item-260\"><a href=\"mailto:contact@psyperiu.com\" class=\"elementor-item\" tabindex=\"-1\">Contact<\/a><\/li>\n<\/ul>\t\t\t<\/nav>\n\t\t\t\t<\/div>\n\t\t\t\t<\/div>\n\t\t\t\t<div class=\"elementor-element elementor-element-575618a elementor-widget__width-auto elementor-widget-mobile__width-inherit elementor-widget elementor-widget-heading\" data-id=\"575618a\" data-element_type=\"widget\" data-widget_type=\"heading.default\">\n\t\t\t\t<div class=\"elementor-widget-container\">\n\t\t\t<div class=\"elementor-heading-title elementor-size-default\">\u00a9 2023 Psyperiu<\/div>\t\t<\/div>\n\t\t\t\t<\/div>\n\t\t\t\t<div class=\"elementor-element elementor-element-377a2d4 elementor-widget__width-auto elementor-widget-mobile__width-inherit elementor-widget elementor-widget-heading\" data-id=\"377a2d4\" data-element_type=\"widget\" data-widget_type=\"heading.default\">\n\t\t\t\t<div class=\"elementor-widget-container\">\n\t\t\t<div class=\"elementor-heading-title elementor-size-default\">Design &amp; Implementation - <a href=\"https:\/\/play-solutions.ro\/\" target=\"_blank\">PlaySolutions<\/a><\/div>\t\t<\/div>\n\t\t\t\t<\/div>\n\t\t\t\t\t\t<\/div>\n\t\t\t\t\t<\/div>\n\t\t<\/div>\n\t\t\t\t\t\t\t\t<\/div>\n\t\t\t\t\t<\/div>\n\t\t<\/section>\n\t\t\t\t\t\t<\/div>\n\t\t\t\t\t<\/div>\n\t\t<\/div>\n\t\t\t\t\t\t\t\t<\/div>\n\t\t\t\t\t<\/div>\n\t\t<\/section>\n\t\t\t\t\t\t\t<\/div>\n\t\t\t\t<\/div>\n\t\t<\/div>\n\t\t\t\t<\/div>\n\t\t\t\t<\/div>\n\t\t\t\t\t\t<\/div>\n\t\t\t\t\t<\/div>\n\t\t<\/div>\n\t\t\t\t\t\t\t\t<\/div>\n\t\t\t\t\t<\/div>\n\t\t<\/section>\n\t\t\t\t\t\t\t\t\t<\/div>\n\t\t\t<\/div>\n\t\t\t\t\t<\/div>","protected":false},"excerpt":{"rendered":"<p>Construc\u021bia unui brand porne\u0219te de la ideea antreprenorului care mai apoi este analizat\u0103 \u0219i exprimat\u0103 de c\u0103tre echipa de speciali\u0219ti. Ace\u0219tia se ocup\u0103 de felul \u00een care se poate reprezenta con\u021binutul produsului sau serviciului oferit de c\u0103tre client. Echipa noastr\u0103 ofer\u0103 clien\u021bilor suportul de care au nevoie pentru a-\u0219i defini c\u00e2t mai bine activitatea \u0219i [&hellip;]<\/p>","protected":false},"author":1,"featured_media":0,"parent":229,"menu_order":0,"comment_status":"closed","ping_status":"closed","template":"elementor_canvas","meta":[],"_links":{"self":[{"href":"https:\/\/psyperiu.com\/en\/wp-json\/wp\/v2\/pages\/237"}],"collection":[{"href":"https:\/\/psyperiu.com\/en\/wp-json\/wp\/v2\/pages"}],"about":[{"href":"https:\/\/psyperiu.com\/en\/wp-json\/wp\/v2\/types\/page"}],"author":[{"embeddable":true,"href":"https:\/\/psyperiu.com\/en\/wp-json\/wp\/v2\/users\/1"}],"replies":[{"embeddable":true,"href":"https:\/\/psyperiu.com\/en\/wp-json\/wp\/v2\/comments?post=237"}],"version-history":[{"count":10,"href":"https:\/\/psyperiu.com\/en\/wp-json\/wp\/v2\/pages\/237\/revisions"}],"predecessor-version":[{"id":541,"href":"https:\/\/psyperiu.com\/en\/wp-json\/wp\/v2\/pages\/237\/revisions\/541"}],"up":[{"embeddable":true,"href":"https:\/\/psyperiu.com\/en\/wp-json\/wp\/v2\/pages\/229"}],"wp:attachment":[{"href":"https:\/\/psyperiu.com\/en\/wp-json\/wp\/v2\/media?parent=237"}],"curies":[{"name":"wp","href":"https:\/\/api.w.org\/{rel}","templated":true}]}}