{"id":245,"date":"2020-06-09T05:57:38","date_gmt":"2020-06-09T05:57:38","guid":{"rendered":"https:\/\/psyperiu.com\/?page_id=245"},"modified":"2023-10-12T10:50:25","modified_gmt":"2023-10-12T10:50:25","slug":"termeni-si-conditii","status":"publish","type":"page","link":"https:\/\/psyperiu.com\/en\/termeni-si-conditii\/","title":{"rendered":"Terms and conditions"},"content":{"rendered":"<div data-elementor-type=\"wp-page\" data-elementor-id=\"245\" class=\"elementor elementor-245\">\n\t\t\t\t\t\t<div class=\"elementor-inner\">\n\t\t\t\t<div class=\"elementor-section-wrap\">\n\t\t\t\t\t\t\t\t\t<section class=\"elementor-section elementor-top-section elementor-element elementor-element-30a35ec elementor-section-full_width elementor-section-stretched elementor-section-height-default elementor-section-height-default\" data-id=\"30a35ec\" data-element_type=\"section\" data-settings=\"{&quot;stretch_section&quot;:&quot;section-stretched&quot;}\">\n\t\t\t\t\t\t\t<div class=\"elementor-background-overlay\"><\/div>\n\t\t\t\t\t\t\t<div class=\"elementor-container elementor-column-gap-default\">\n\t\t\t\t\t\t\t<div class=\"elementor-row\">\n\t\t\t\t\t<div class=\"elementor-column elementor-col-100 elementor-top-column elementor-element elementor-element-3c56c54\" data-id=\"3c56c54\" data-element_type=\"column\" data-settings=\"{&quot;background_motion_fx_mouseTrack_effect&quot;:&quot;yes&quot;,&quot;background_motion_fx_mouseTrack_direction&quot;:&quot;negative&quot;,&quot;background_motion_fx_mouseTrack_speed&quot;:{&quot;unit&quot;:&quot;px&quot;,&quot;size&quot;:0.40000000000000002220446049250313080847263336181640625,&quot;sizes&quot;:[]}}\">\n\t\t\t<div class=\"elementor-column-wrap elementor-element-populated\">\n\t\t\t\t\t\t\t<div class=\"elementor-widget-wrap\">\n\t\t\t\t\t\t<section class=\"elementor-section elementor-inner-section elementor-element elementor-element-4670d09 elementor-section-full_width elementor-section-height-default elementor-section-height-default\" data-id=\"4670d09\" data-element_type=\"section\">\n\t\t\t\t\t\t<div class=\"elementor-container elementor-column-gap-default\">\n\t\t\t\t\t\t\t<div class=\"elementor-row\">\n\t\t\t\t\t<div class=\"elementor-column elementor-col-50 elementor-inner-column elementor-element elementor-element-1704ccd\" data-id=\"1704ccd\" data-element_type=\"column\">\n\t\t\t<div class=\"elementor-column-wrap elementor-element-populated\">\n\t\t\t\t\t\t\t<div class=\"elementor-widget-wrap\">\n\t\t\t\t\t\t<div class=\"elementor-element elementor-element-470c382 elementor-widget elementor-widget-theme-site-logo elementor-widget-image\" data-id=\"470c382\" data-element_type=\"widget\" data-widget_type=\"theme-site-logo.default\">\n\t\t\t\t<div class=\"elementor-widget-container\">\n\t\t\t\t\t\t\t\t<div class=\"elementor-image\">\n\t\t\t\t\t\t\t\t\t\t\t\t\t<a href=\"https:\/\/psyperiu.com\/en\">\n\t\t\t\t\t\t\t<img decoding=\"async\" width=\"740\" height=\"160\" src=\"https:\/\/psyperiu.com\/wp-content\/uploads\/2020\/07\/logo-psyperiu-gold-gradient.svg\" class=\"attachment-full size-full wp-image-441\" alt=\"\" loading=\"lazy\" \/>\t\t\t\t\t\t\t\t<\/a>\n\t\t\t\t\t\t\t\t\t\t\t\t\t\t<\/div>\n\t\t\t\t\t\t<\/div>\n\t\t\t\t<\/div>\n\t\t\t\t\t\t<\/div>\n\t\t\t\t\t<\/div>\n\t\t<\/div>\n\t\t\t\t<div class=\"elementor-column elementor-col-50 elementor-inner-column elementor-element elementor-element-ad3ccbf\" data-id=\"ad3ccbf\" data-element_type=\"column\">\n\t\t\t<div class=\"elementor-column-wrap elementor-element-populated\">\n\t\t\t\t\t\t\t<div class=\"elementor-widget-wrap\">\n\t\t\t\t\t\t<div class=\"elementor-element elementor-element-7758bd3 elementor-widget__width-auto elementor-widget elementor-widget-button\" data-id=\"7758bd3\" data-element_type=\"widget\" data-widget_type=\"button.default\">\n\t\t\t\t<div class=\"elementor-widget-container\">\n\t\t\t\t\t<div class=\"elementor-button-wrapper\">\n\t\t\t<a href=\"#elementor-action%3Aaction%3Dpopup%3Aopen%26settings%3DeyJpZCI6IjgzIiwidG9nZ2xlIjp0cnVlfQ%3D%3D\" class=\"elementor-button-link elementor-button elementor-size-sm\" role=\"button\">\n\t\t\t\t\t\t<span class=\"elementor-button-content-wrapper\">\n\t\t\t\t\t\t<span class=\"elementor-button-text\">menu<\/span>\n\t\t<\/span>\n\t\t\t\t\t<\/a>\n\t\t<\/div>\n\t\t\t\t<\/div>\n\t\t\t\t<\/div>\n\t\t\t\t<div class=\"elementor-element elementor-element-71129b5 elementor-widget__width-auto elementor-view-default elementor-widget elementor-widget-icon\" data-id=\"71129b5\" data-element_type=\"widget\" data-widget_type=\"icon.default\">\n\t\t\t\t<div class=\"elementor-widget-container\">\n\t\t\t\t\t<div class=\"elementor-icon-wrapper\">\n\t\t\t<a class=\"elementor-icon\" href=\"#elementor-action%3Aaction%3Dpopup%3Aopen%26settings%3DeyJpZCI6IjgzIiwidG9nZ2xlIjp0cnVlfQ%3D%3D\">\n\t\t\t<i aria-hidden=\"true\" class=\"fas fa-align-left\"><\/i>\t\t\t<\/a>\n\t\t<\/div>\n\t\t\t\t<\/div>\n\t\t\t\t<\/div>\n\t\t\t\t\t\t<\/div>\n\t\t\t\t\t<\/div>\n\t\t<\/div>\n\t\t\t\t\t\t\t\t<\/div>\n\t\t\t\t\t<\/div>\n\t\t<\/section>\n\t\t\t\t<section class=\"elementor-section elementor-inner-section elementor-element elementor-element-079b580 elementor-section-boxed elementor-section-height-default elementor-section-height-default\" data-id=\"079b580\" data-element_type=\"section\">\n\t\t\t\t\t\t<div class=\"elementor-container elementor-column-gap-default\">\n\t\t\t\t\t\t\t<div class=\"elementor-row\">\n\t\t\t\t\t<div class=\"elementor-column elementor-col-100 elementor-inner-column elementor-element elementor-element-039e6ae\" data-id=\"039e6ae\" data-element_type=\"column\">\n\t\t\t<div class=\"elementor-column-wrap elementor-element-populated\">\n\t\t\t\t\t\t\t<div class=\"elementor-widget-wrap\">\n\t\t\t\t\t\t\t\t<\/div>\n\t\t\t\t\t<\/div>\n\t\t<\/div>\n\t\t\t\t\t\t\t\t<\/div>\n\t\t\t\t\t<\/div>\n\t\t<\/section>\n\t\t\t\t<section class=\"elementor-section elementor-inner-section elementor-element elementor-element-673e482 elementor-section-boxed elementor-section-height-default elementor-section-height-default\" data-id=\"673e482\" data-element_type=\"section\">\n\t\t\t\t\t\t<div class=\"elementor-container elementor-column-gap-default\">\n\t\t\t\t\t\t\t<div class=\"elementor-row\">\n\t\t\t\t\t<div class=\"elementor-column elementor-col-100 elementor-inner-column elementor-element elementor-element-2d94307 elementor-invisible\" data-id=\"2d94307\" data-element_type=\"column\" data-settings=\"{&quot;animation&quot;:&quot;slideInLeft&quot;,&quot;animation_delay&quot;:400}\">\n\t\t\t<div class=\"elementor-column-wrap elementor-element-populated\">\n\t\t\t\t\t\t\t<div class=\"elementor-widget-wrap\">\n\t\t\t\t\t\t<div class=\"elementor-element elementor-element-e524335 elementor-widget elementor-widget-text-editor\" data-id=\"e524335\" data-element_type=\"widget\" data-widget_type=\"text-editor.default\">\n\t\t\t\t<div class=\"elementor-widget-container\">\n\t\t\t\t\t\t\t\t<div class=\"elementor-text-editor elementor-clearfix\">\n\t\t\t\t<p>Adresa site-ului web este: http:\/\/psyperiu.com, acesta fiind proprietatea societ\u0103\u021bii PSYPERIU MENTALITY S.R.L., persoan\u0103 juridic\u0103 av\u00e2nd cod unic de \u00eenregistrare 42225009, \u00eenmatriculat\u0103 ONRC sub nr. J23\/557\/2020, denumit\u0103 \u00een continuare PSYPERIU.<\/p><h4>\u00a0<\/h4><h4>Privacy Policy<\/h4><p>PSYPERIU se oblig\u0103 s\u0103 v\u0103 protejeze datele \u0219i s\u0103 v\u0103 respecte intimitatea. Datele personale subscrise (\u00een caz c\u0103 acestea exist\u0103) pe acest site vor fi utilizate strict \u00een scopurile men\u021bionate, sau \u00een alte scopuri, dar \u00een acest ultim caz, doar cu acordul dumneavoastr\u0103 prealabil.<\/p><p>De asemenea, serverul nostru \u00eenregistreaz\u0103 adresele IP ale tuturor vizitatorilor. \u00cenregistrarea adreselor IP permite doar stocarea informa\u021biilor care privesc strict data, ora \u0219i durata vizitelor efectuate de c\u0103tre un anumit computer. Compania noastr\u0103 folose\u0219te acest tip de informa\u021bii doar pentru evaluarea \u0219i \u00eembun\u0103t\u0103\u021birea site-ului.<\/p><p>You have the right to request a copy of all information about you that we hold (in case it is collected), and also to request that this information be corrected or deleted. These requests, as well as any other data protection questions or comments, are welcome, and you can request via the contact form.<\/p><h4>\u00a0<\/h4><h4>Cookies Policy<\/h4><p>We have access to information about the use of the site, information that is stored on your computer's hard disk using cookies.<\/p><h4>\u00a0<\/h4><h4>Unsolicited e-mails<\/h4><p>The publication of e-mail addresses on this website is strictly for the purpose of professional com-munication and should not be understood as an agreement to receive unsolicited electronic mes-sages.<\/p><h4>\u00a0<\/h4><h4>Copyright<\/h4><p>The copyright to the content of this site belongs to PSYPERIU and those authorised by it. Copying, transmitting or distributing content is prohibited without the written consent of PSYPERIU.<\/p><h4>\u00a0<\/h4><h4>Submissions and accuracy of information<\/h4><p>PSYPERIU gives interested parties permission to make references to this site freely. PSYPERIU undertakes to remove any referral from the site without delay, if this action is requested by the entity to which the reference is made.<\/p><p>PSYPERIU also reserves the right to modify the structure and content of the web domain at any time or time frame, having the right to discontinue or suspend any of the services made available to users of the web page without any prior notice.<\/p><h4>\u00a0<\/h4><h4>Applicable legislation<\/h4><p>This information and any aspects of this site are subject to the rigours of Romanian law.<\/p>\t\t\t\t\t<\/div>\n\t\t\t\t\t\t<\/div>\n\t\t\t\t<\/div>\n\t\t\t\t\t\t<\/div>\n\t\t\t\t\t<\/div>\n\t\t<\/div>\n\t\t\t\t\t\t\t\t<\/div>\n\t\t\t\t\t<\/div>\n\t\t<\/section>\n\t\t\t\t<section class=\"elementor-section elementor-inner-section elementor-element elementor-element-8953c68 elementor-section-boxed elementor-section-height-default elementor-section-height-default\" data-id=\"8953c68\" data-element_type=\"section\">\n\t\t\t\t\t\t<div class=\"elementor-container elementor-column-gap-default\">\n\t\t\t\t\t\t\t<div class=\"elementor-row\">\n\t\t\t\t\t<div class=\"elementor-column elementor-col-100 elementor-inner-column elementor-element elementor-element-86b745d\" data-id=\"86b745d\" data-element_type=\"column\">\n\t\t\t<div class=\"elementor-column-wrap elementor-element-populated\">\n\t\t\t\t\t\t\t<div class=\"elementor-widget-wrap\">\n\t\t\t\t\t\t<div class=\"elementor-element elementor-element-4e1fea8 elementor-widget elementor-widget-spacer\" data-id=\"4e1fea8\" data-element_type=\"widget\" data-widget_type=\"spacer.default\">\n\t\t\t\t<div class=\"elementor-widget-container\">\n\t\t\t\t\t<div class=\"elementor-spacer\">\n\t\t\t<div class=\"elementor-spacer-inner\"><\/div>\n\t\t<\/div>\n\t\t\t\t<\/div>\n\t\t\t\t<\/div>\n\t\t\t\t\t\t<\/div>\n\t\t\t\t\t<\/div>\n\t\t<\/div>\n\t\t\t\t\t\t\t\t<\/div>\n\t\t\t\t\t<\/div>\n\t\t<\/section>\n\t\t\t\t<section class=\"elementor-section elementor-inner-section elementor-element elementor-element-d1b15a3 elementor-section-full_width elementor-section-height-default elementor-section-height-default\" data-id=\"d1b15a3\" data-element_type=\"section\">\n\t\t\t\t\t\t<div class=\"elementor-container elementor-column-gap-default\">\n\t\t\t\t\t\t\t<div class=\"elementor-row\">\n\t\t\t\t\t<div class=\"elementor-column elementor-col-50 elementor-inner-column elementor-element elementor-element-5dda3f8\" data-id=\"5dda3f8\" data-element_type=\"column\">\n\t\t\t<div class=\"elementor-column-wrap elementor-element-populated\">\n\t\t\t\t\t\t\t<div class=\"elementor-widget-wrap\">\n\t\t\t\t\t\t<div class=\"elementor-element elementor-element-c34b109 elementor-nav-menu__align-left elementor-nav-menu--dropdown-none elementor-widget elementor-widget-nav-menu\" data-id=\"c34b109\" data-element_type=\"widget\" data-settings=\"{&quot;layout&quot;:&quot;horizontal&quot;,&quot;submenu_icon&quot;:{&quot;value&quot;:&quot;&lt;i class=\\&quot;fas fa-caret-down\\&quot;&gt;&lt;\\\/i&gt;&quot;,&quot;library&quot;:&quot;fa-solid&quot;}}\" data-widget_type=\"nav-menu.default\">\n\t\t\t\t<div class=\"elementor-widget-container\">\n\t\t\t\t\t\t<nav migration_allowed=\"1\" migrated=\"0\" class=\"elementor-nav-menu--main elementor-nav-menu__container elementor-nav-menu--layout-horizontal e--pointer-none\">\n\t\t\t\t<ul id=\"menu-1-c34b109\" class=\"elementor-nav-menu\"><li class=\"menu-item menu-item-type-post_type menu-item-object-page menu-item-257\"><a href=\"https:\/\/psyperiu.com\/en\/termeni-si-conditii\/\" class=\"elementor-item\">Terms and conditions<\/a><\/li>\n<li class=\"menu-item menu-item-type-post_type menu-item-object-page menu-item-privacy-policy menu-item-263\"><a href=\"https:\/\/psyperiu.com\/en\/politica-de-confidentialitate\/\" class=\"elementor-item\">Privacy policy<\/a><\/li>\n<li class=\"menu-item menu-item-type-custom menu-item-object-custom menu-item-260\"><a href=\"mailto:contact@psyperiu.com\" class=\"elementor-item\">Contact<\/a><\/li>\n<\/ul>\t\t\t<\/nav>\n\t\t\t\t\t\t<nav class=\"elementor-nav-menu--dropdown elementor-nav-menu__container\" aria-hidden=\"true\">\n\t\t\t\t<ul id=\"menu-2-c34b109\" class=\"elementor-nav-menu\"><li class=\"menu-item menu-item-type-post_type menu-item-object-page menu-item-257\"><a href=\"https:\/\/psyperiu.com\/en\/termeni-si-conditii\/\" class=\"elementor-item\" tabindex=\"-1\">Terms and conditions<\/a><\/li>\n<li class=\"menu-item menu-item-type-post_type menu-item-object-page menu-item-privacy-policy menu-item-263\"><a href=\"https:\/\/psyperiu.com\/en\/politica-de-confidentialitate\/\" class=\"elementor-item\" tabindex=\"-1\">Privacy policy<\/a><\/li>\n<li class=\"menu-item menu-item-type-custom menu-item-object-custom menu-item-260\"><a href=\"mailto:contact@psyperiu.com\" class=\"elementor-item\" tabindex=\"-1\">Contact<\/a><\/li>\n<\/ul>\t\t\t<\/nav>\n\t\t\t\t<\/div>\n\t\t\t\t<\/div>\n\t\t\t\t<div class=\"elementor-element elementor-element-1153a91 elementor-widget elementor-widget-heading\" data-id=\"1153a91\" data-element_type=\"widget\" data-widget_type=\"heading.default\">\n\t\t\t\t<div class=\"elementor-widget-container\">\n\t\t\t<div class=\"elementor-heading-title elementor-size-default\">\u00a9 2023 Psyperiu<\/div>\t\t<\/div>\n\t\t\t\t<\/div>\n\t\t\t\t\t\t<\/div>\n\t\t\t\t\t<\/div>\n\t\t<\/div>\n\t\t\t\t<div class=\"elementor-column elementor-col-50 elementor-inner-column elementor-element elementor-element-03aefda\" data-id=\"03aefda\" data-element_type=\"column\">\n\t\t\t<div class=\"elementor-column-wrap elementor-element-populated\">\n\t\t\t\t\t\t\t<div class=\"elementor-widget-wrap\">\n\t\t\t\t\t\t<div class=\"elementor-element elementor-element-57e2d68 elementor-widget elementor-widget-heading\" data-id=\"57e2d68\" data-element_type=\"widget\" data-widget_type=\"heading.default\">\n\t\t\t\t<div class=\"elementor-widget-container\">\n\t\t\t<div class=\"elementor-heading-title elementor-size-default\">Design &amp; Implementation - <a href=\"https:\/\/play-solutions.ro\/\" target=\"_blank\">PlaySolutions<\/a><\/div>\t\t<\/div>\n\t\t\t\t<\/div>\n\t\t\t\t\t\t<\/div>\n\t\t\t\t\t<\/div>\n\t\t<\/div>\n\t\t\t\t\t\t\t\t<\/div>\n\t\t\t\t\t<\/div>\n\t\t<\/section>\n\t\t\t\t\t\t<\/div>\n\t\t\t\t\t<\/div>\n\t\t<\/div>\n\t\t\t\t\t\t\t\t<\/div>\n\t\t\t\t\t<\/div>\n\t\t<\/section>\n\t\t\t\t\t\t\t\t\t<\/div>\n\t\t\t<\/div>\n\t\t\t\t\t<\/div>","protected":false},"excerpt":{"rendered":"<p>meniu Adresa site-ului web este: http:\/\/psyperiu.com, acesta fiind proprietatea societ\u0103\u021bii PSYPERIU MENTALITY S.R.L., persoan\u0103 juridic\u0103 av\u00e2nd cod unic de \u00eenregistrare 42225009, \u00eenmatriculat\u0103 ONRC sub nr. J23\/557\/2020, denumit\u0103 \u00een continuare PSYPERIU. \u00a0 Politica de Confiden\u021bialitate PSYPERIU se oblig\u0103 s\u0103 v\u0103 protejeze datele \u0219i s\u0103 v\u0103 respecte intimitatea. Datele personale subscrise (\u00een caz c\u0103 acestea exist\u0103) pe [&hellip;]<\/p>","protected":false},"author":1,"featured_media":0,"parent":0,"menu_order":0,"comment_status":"closed","ping_status":"closed","template":"elementor_canvas","meta":[],"_links":{"self":[{"href":"https:\/\/psyperiu.com\/en\/wp-json\/wp\/v2\/pages\/245"}],"collection":[{"href":"https:\/\/psyperiu.com\/en\/wp-json\/wp\/v2\/pages"}],"about":[{"href":"https:\/\/psyperiu.com\/en\/wp-json\/wp\/v2\/types\/page"}],"author":[{"embeddable":true,"href":"https:\/\/psyperiu.com\/en\/wp-json\/wp\/v2\/users\/1"}],"replies":[{"embeddable":true,"href":"https:\/\/psyperiu.com\/en\/wp-json\/wp\/v2\/comments?post=245"}],"version-history":[{"count":12,"href":"https:\/\/psyperiu.com\/en\/wp-json\/wp\/v2\/pages\/245\/revisions"}],"predecessor-version":[{"id":655,"href":"https:\/\/psyperiu.com\/en\/wp-json\/wp\/v2\/pages\/245\/revisions\/655"}],"wp:attachment":[{"href":"https:\/\/psyperiu.com\/en\/wp-json\/wp\/v2\/media?parent=245"}],"curies":[{"name":"wp","href":"https:\/\/api.w.org\/{rel}","templated":true}]}}