{"id":3,"date":"2020-03-17T05:20:30","date_gmt":"2020-03-17T05:20:30","guid":{"rendered":"http:\/\/psyperiu.com\/?page_id=3"},"modified":"2023-10-12T11:09:34","modified_gmt":"2023-10-12T11:09:34","slug":"politica-de-confidentialitate","status":"publish","type":"page","link":"https:\/\/psyperiu.com\/en\/politica-de-confidentialitate\/","title":{"rendered":"Privacy policy"},"content":{"rendered":"<div data-elementor-type=\"wp-page\" data-elementor-id=\"3\" class=\"elementor elementor-3\">\n\t\t\t\t\t\t<div class=\"elementor-inner\">\n\t\t\t\t<div class=\"elementor-section-wrap\">\n\t\t\t\t\t\t\t\t\t<section class=\"elementor-section elementor-top-section elementor-element elementor-element-f103452 elementor-section-full_width elementor-section-stretched elementor-section-height-default elementor-section-height-default\" data-id=\"f103452\" data-element_type=\"section\" data-settings=\"{&quot;stretch_section&quot;:&quot;section-stretched&quot;}\">\n\t\t\t\t\t\t\t<div class=\"elementor-background-overlay\"><\/div>\n\t\t\t\t\t\t\t<div class=\"elementor-container elementor-column-gap-default\">\n\t\t\t\t\t\t\t<div class=\"elementor-row\">\n\t\t\t\t\t<div class=\"elementor-column elementor-col-100 elementor-top-column elementor-element elementor-element-1e8cb1a\" data-id=\"1e8cb1a\" data-element_type=\"column\" data-settings=\"{&quot;background_motion_fx_mouseTrack_effect&quot;:&quot;yes&quot;,&quot;background_motion_fx_mouseTrack_direction&quot;:&quot;negative&quot;,&quot;background_motion_fx_mouseTrack_speed&quot;:{&quot;unit&quot;:&quot;px&quot;,&quot;size&quot;:0.40000000000000002220446049250313080847263336181640625,&quot;sizes&quot;:[]}}\">\n\t\t\t<div class=\"elementor-column-wrap elementor-element-populated\">\n\t\t\t\t\t\t\t<div class=\"elementor-widget-wrap\">\n\t\t\t\t\t\t<section class=\"elementor-section elementor-inner-section elementor-element elementor-element-ce7a5c4 elementor-section-full_width elementor-section-height-default elementor-section-height-default\" data-id=\"ce7a5c4\" data-element_type=\"section\">\n\t\t\t\t\t\t<div class=\"elementor-container elementor-column-gap-default\">\n\t\t\t\t\t\t\t<div class=\"elementor-row\">\n\t\t\t\t\t<div class=\"elementor-column elementor-col-50 elementor-inner-column elementor-element elementor-element-13c05f8\" data-id=\"13c05f8\" data-element_type=\"column\">\n\t\t\t<div class=\"elementor-column-wrap elementor-element-populated\">\n\t\t\t\t\t\t\t<div class=\"elementor-widget-wrap\">\n\t\t\t\t\t\t<div class=\"elementor-element elementor-element-b19c24d elementor-widget elementor-widget-theme-site-logo elementor-widget-image\" data-id=\"b19c24d\" data-element_type=\"widget\" data-widget_type=\"theme-site-logo.default\">\n\t\t\t\t<div class=\"elementor-widget-container\">\n\t\t\t\t\t\t\t\t<div class=\"elementor-image\">\n\t\t\t\t\t\t\t\t\t\t\t\t\t<a href=\"https:\/\/psyperiu.com\/en\">\n\t\t\t\t\t\t\t<img decoding=\"async\" width=\"740\" height=\"160\" src=\"https:\/\/psyperiu.com\/wp-content\/uploads\/2020\/07\/logo-psyperiu-gold-gradient.svg\" class=\"attachment-full size-full wp-image-441\" alt=\"\" loading=\"lazy\" \/>\t\t\t\t\t\t\t\t<\/a>\n\t\t\t\t\t\t\t\t\t\t\t\t\t\t<\/div>\n\t\t\t\t\t\t<\/div>\n\t\t\t\t<\/div>\n\t\t\t\t\t\t<\/div>\n\t\t\t\t\t<\/div>\n\t\t<\/div>\n\t\t\t\t<div class=\"elementor-column elementor-col-50 elementor-inner-column elementor-element elementor-element-b88aea3\" data-id=\"b88aea3\" data-element_type=\"column\">\n\t\t\t<div class=\"elementor-column-wrap elementor-element-populated\">\n\t\t\t\t\t\t\t<div class=\"elementor-widget-wrap\">\n\t\t\t\t\t\t<div class=\"elementor-element elementor-element-4c378c8 elementor-widget__width-auto elementor-widget elementor-widget-button\" data-id=\"4c378c8\" data-element_type=\"widget\" data-widget_type=\"button.default\">\n\t\t\t\t<div class=\"elementor-widget-container\">\n\t\t\t\t\t<div class=\"elementor-button-wrapper\">\n\t\t\t<a href=\"#elementor-action%3Aaction%3Dpopup%3Aopen%26settings%3DeyJpZCI6IjgzIiwidG9nZ2xlIjp0cnVlfQ%3D%3D\" class=\"elementor-button-link elementor-button elementor-size-sm\" role=\"button\">\n\t\t\t\t\t\t<span class=\"elementor-button-content-wrapper\">\n\t\t\t\t\t\t<span class=\"elementor-button-text\">menu<\/span>\n\t\t<\/span>\n\t\t\t\t\t<\/a>\n\t\t<\/div>\n\t\t\t\t<\/div>\n\t\t\t\t<\/div>\n\t\t\t\t<div class=\"elementor-element elementor-element-5d30d75 elementor-widget__width-auto elementor-view-default elementor-widget elementor-widget-icon\" data-id=\"5d30d75\" data-element_type=\"widget\" data-widget_type=\"icon.default\">\n\t\t\t\t<div class=\"elementor-widget-container\">\n\t\t\t\t\t<div class=\"elementor-icon-wrapper\">\n\t\t\t<a class=\"elementor-icon\" href=\"#elementor-action%3Aaction%3Dpopup%3Aopen%26settings%3DeyJpZCI6IjgzIiwidG9nZ2xlIjp0cnVlfQ%3D%3D\">\n\t\t\t<i aria-hidden=\"true\" class=\"fas fa-align-left\"><\/i>\t\t\t<\/a>\n\t\t<\/div>\n\t\t\t\t<\/div>\n\t\t\t\t<\/div>\n\t\t\t\t\t\t<\/div>\n\t\t\t\t\t<\/div>\n\t\t<\/div>\n\t\t\t\t\t\t\t\t<\/div>\n\t\t\t\t\t<\/div>\n\t\t<\/section>\n\t\t\t\t<section class=\"elementor-section elementor-inner-section elementor-element elementor-element-c4b017a elementor-section-boxed elementor-section-height-default elementor-section-height-default\" data-id=\"c4b017a\" data-element_type=\"section\">\n\t\t\t\t\t\t<div class=\"elementor-container elementor-column-gap-default\">\n\t\t\t\t\t\t\t<div class=\"elementor-row\">\n\t\t\t\t\t<div class=\"elementor-column elementor-col-100 elementor-inner-column elementor-element elementor-element-678883f\" data-id=\"678883f\" data-element_type=\"column\">\n\t\t\t<div class=\"elementor-column-wrap elementor-element-populated\">\n\t\t\t\t\t\t\t<div class=\"elementor-widget-wrap\">\n\t\t\t\t\t\t\t\t<\/div>\n\t\t\t\t\t<\/div>\n\t\t<\/div>\n\t\t\t\t\t\t\t\t<\/div>\n\t\t\t\t\t<\/div>\n\t\t<\/section>\n\t\t\t\t<section class=\"elementor-section elementor-inner-section elementor-element elementor-element-9a176eb elementor-section-boxed elementor-section-height-default elementor-section-height-default\" data-id=\"9a176eb\" data-element_type=\"section\">\n\t\t\t\t\t\t<div class=\"elementor-container elementor-column-gap-default\">\n\t\t\t\t\t\t\t<div class=\"elementor-row\">\n\t\t\t\t\t<div class=\"elementor-column elementor-col-100 elementor-inner-column elementor-element elementor-element-91a0af5 elementor-invisible\" data-id=\"91a0af5\" data-element_type=\"column\" data-settings=\"{&quot;animation&quot;:&quot;slideInLeft&quot;,&quot;animation_delay&quot;:400}\">\n\t\t\t<div class=\"elementor-column-wrap elementor-element-populated\">\n\t\t\t\t\t\t\t<div class=\"elementor-widget-wrap\">\n\t\t\t\t\t\t<div class=\"elementor-element elementor-element-76d0de4a elementor-widget elementor-widget-text-editor\" data-id=\"76d0de4a\" data-element_type=\"widget\" data-widget_type=\"text-editor.default\">\n\t\t\t\t<div class=\"elementor-widget-container\">\n\t\t\t\t\t\t\t\t<div class=\"elementor-text-editor elementor-clearfix\">\n\t\t\t\t<h4>Fundamental principles:<\/h4><p>- We are committed to protecting and respecting the confidentiality of your data, in particular in rela-tion to the data you provide to us or in connection with the data we have collected in the course of our business.<\/p><p>- We store personal data for as long as we have a reason to keep it.<\/p><p>&#8211; Ne propunem s\u0103 fie c\u00e2t mai simplu posibil s\u0103 controla\u021bi care dintre informa\u0163iile publicate pe site-ul nostru sunt partajate public (sau p\u0103strate private), indexat de motoarele de c\u0103utare, \u015fi \u015fterse definitiv.<\/p><p>PSYPERIU MENTALITY S.R.L. cod unic de \u00eenregistrare 42225009, \u00eenmatriculat\u0103 ONRC sub nr. J23\/557\/2020, denumit\u0103 \u00een continuare PSYPERIU, este operatorul tuturor datelor cu caracter personal furnizate atunci c\u00e2nd suntem de acord s\u0103 v\u0103 oferim serviciile noastre, a\u015fa cum este descris mai jos.<\/p><p>Aceast\u0103 politic\u0103 de confiden\u0163ialitate explic\u0103 modul \u00een care colect\u0103m \u015fi utiliz\u0103m datelor personale pe care le ob\u0163inem despre dumneavoastr\u0103 \u0219i drepturile dumneavoastr\u0103 \u00een leg\u0103tur\u0103 cu aceste date. Politica de confiden\u021bialitate stabile\u015fte, de asemenea, cum s\u0103 ne contacta\u0163i dac\u0103 ave\u0163i \u00eentreb\u0103ri despre con\u021binutul aceasteia sau dac\u0103 dori\u021bi s\u0103 ne adresa\u021bi o pl\u00e2ngere \u00een leg\u0103tur\u0103 cu felul \u00een care prelucr\u0103m datele dumneavoastr\u0103 personale.<\/p><h4>When do we need your personal data?<\/h4><p>This privacy policy applies in the following situations:<\/p><p>- When you visit our website, psyperiu.com, desktop or mobile version;<\/p><p>- When you ask us for information or when we provide you with new information;<\/p><p>- When filling out a contact form on our website;<\/p><p>- When we conduct analytical research on our website.<\/p><h4>What personal information do we collect about you and how?<\/h4><p>We collect data about you only if we have a reason to do so \u2013 for example, to provide our services, to communicate with you, or to make our services better. We collect information in two ways: either you provide this data to us or we automatically collect it through our operating services.<\/p><h5>\u00a0<\/h5><h5>The information you provide to us<\/h5><p>- Contact information such as name, function, postal address, including home address (if you provide us with this information), business premises, telephone number and email address;<\/p><p>- When your personal data is provided to us for soliciting a personalised offer or service, it will only be used to contact you as requested;<\/p><h5>\u00a0<\/h5><h5>The information we collect automatically<\/h5><p>&#8211; Asemenea celor mai mul\u021bi furnizori de servicii online, colect\u0103m datele pe care browserele, dispozitive mobile \u015fi serverele de obicei le pun la dispozi\u0163ie, cum ar fi tipul de browser, adresa IP, identificatori unici ai dispozitivului, limba preferat\u0103, site-ul care v-a redirec\u021bionat c\u0103tre pagina noastr\u0103, data \u015fi ora accesului, sistemul de operare \u015fi informa\u0163iile de re\u0163ea de telefonie mobil\u0103;<\/p><p>- We can determine the approximate location of the device you are using based on your IP. We will collect and use this information to calculate how many people visit our sites in specific geographic regions;<\/p><p>- We use cookies and other technologies to identify and track our visitors, how they use the site and access preferences for our site.<\/p><h4>How and why we use information<\/h4><h5>\u00a0<\/h5><h5>Purpose for the use of information<\/h5><p>Folosim informa\u0163ii despre dumneavoastr\u0103, dup\u0103 cum am men\u0163ionat anterior pentru scopuri enumerate mai jos:<\/p><p>&#8211; Pentru a v\u0103 oferi acces la serviciile noastre \u2013 de exemplu, informa\u0163iile colectate automat de sistemele noastre (cum ar fi informa\u021biile pe care browserele web, dispozitive mobile \u015fi servere le pun de obicei la dispozi\u0163ie, ca de exemplu tipul de browser, adresa IP, identificatori unici ai dispozitivului, limba preferat\u0103, site-ul care v-a redirec\u021bionat c\u0103tre pagina noastr\u0103, data \u015fi ora accesului, sistemul de operare \u015fi informa\u0163iile de re\u0163ea de telefonie mobil\u0103) sunt necesare pentru a stabili conexiunea cu website-ul noastru, pentru a \u00eembun\u0103t\u0103\u0163i experien\u0163\u0103 vizitatorilor etc.;<\/p><p>- To further develop and improve our website - for example by adding new features that we think our visitors will enjoy or help them;<\/p><p>&#8211; Pentru a monitoriza \u015fi analiza tendin\u0163ele \u015fi pentru a \u00een\u0163elege mai bine cum vizitatorii interac\u0163ioneaz\u0103 cu serviciile noastre, care ne ajut\u0103 s\u0103 ne \u00eembun\u0103t\u0103\u0163im serviciile \u015fi pentru a le face mai u\u015for de utilizat;<\/p><p>&#8211; Pentru a monitoriza \u015fi pentru a preveni orice probleme legate de serviciile noastre, pentru protejarea securit\u0103\u0163ii serviciilor noastre, pentru detectarea \u015fi prevenirea tranzac\u0163iilor frauduloase \u015fi a altor activit\u0103\u0163i ilegale, pentru combaterea spamului \u015fi pentru protejarea drepturile \u015fi propriet\u0103\u021bii PSYPERIU, care poate duce la refuzul nostru de a oferi anumite servicii;<\/p><p>- To communicate with you, for example through the contact form or by e-mail, to request your feed-back or to keep you up to date with our services;<\/p><p>&#8211; Pentru a personaliza experien\u0163a dumneavoastr\u0103 folosind serviciile noastre (de exemplu, versiunea mobil\u0103 a site-ul nostru devine func\u021bional\u0103 \u00een cazul \u00een care sistemul nostru detecteaz\u0103 c\u0103 vizitatorul foloseste un telefon mobil).<\/p><h5>\u00a0<\/h5><h5>Legal grounds for data collection and use<\/h5><p>Our legal bases for processing your data in accordance with EU personal data protection law are:<\/p><p>- The use of your data is necessary to meet our commitments in the Terms and Conditions section or to fulfil other agreements with you or in other situations where the use of your data is required;<\/p><p>- The use of your data is necessary to comply with a legal obligation;<\/p><p>- The use of your data is necessary to protect your vital interests or those of another person;<\/p><p>&#8211; Avem un interes legitim \u00een folosirea datelor dumneavoastr\u0103 &#8211; de exemplu, pentru a v\u0103 furniza \u015fi pentru a actualiza serviciile noastre, pentru a \u00eembun\u0103t\u0103\u0163i serviciile noastre, astfel \u00eenc\u00e2t s\u0103 v\u0103 putem oferi o experien\u0163\u0103 de utilizator chiar mai bun\u0103, pentru a proteja serviciile noastre, pentru a comunica cu dumneavoastr\u0103, pentru a monitoriza \u015fi pentru a preveni orice probleme cu serviciile noastre \u015fi pentru a personaliza experien\u0163a dumneavoastr\u0103.<\/p><h5>\u00a0<\/h5><h5>How and why did I share your personal data?<\/h5><p>PSYPERIU may share your personal data with third parties only if:<\/p><p>- you have consented to do so (if applicable) or the organisation for which you work has obtained your consent for us to do so (if applicable);<\/p><p>- we have legal or professional obligations in this respect;<\/p><p>- is necessary for the purpose of exercising or defending legal rights.<\/p><h4>\u00a0<\/h4><h4>How long can we keep information?<\/h4><p>In general, we delete your information when we no longer need it for the purpose for which it was collected and used \u2013 which is described in the section above \u2013 How and why we use the information \u2013 and we are not required by law to continue to keep it.<\/p><h4>\u00a0<\/h4><h4>Security<\/h4><p>Folosim mijloace de stocare \u015fi securitate a datelor actualizate pentru p\u0103strarea datelor dumneav-oastr\u0103 \u00een siguran\u0163\u0103 \u00een form\u0103 electronic\u0103 \u015fi fizic\u0103 pentru a proteja informa\u0163iile dumneavoastr\u0103 personale \u00eempotriva accesului neautorizat, a utiliz\u0103rii necorespunz\u0103toare sau \u00eempotriva divulg\u0103rii, modific\u0103rii neautorizat\u0103 \u0219i a distrugerii ilegale sau a pierderii accidentale.<\/p><p>All partners, staff and service providers who have access to confidential information (including per-sonal data) are subject to confidentiality obligations.<\/p><p>Cu toate acestea, transmiterea informa\u0163iilor prin internet nu este complet securizat\u0103. De\u015fi lu\u0103m m\u0103suri adecvate \u0219i propor\u021bionale pentru a gestiona riscurile prezentate, nu putem garanta securitatea informa\u021biilor transmise c\u0103tre serviciile noastre online.<\/p><h4>\u00a0<\/h4><h4>Your rights<\/h4><p>\u00cen anumite circumstan\u0163e, ave\u0163i drepturi conform legilor de protec\u0163ie a datelor cu caracter personal \u00een ceea ce prive\u0219te datele personale. Vom respecta drepturile dumneavoastr\u0103 \u015fi vom ac\u0163iona cu promptitudine \u015fi \u00een conformitate cu toate legile referitoare la prelucrarea datelor dumneavoastr\u0103 personale. Aceste drepturi sunt:<\/p><p>&#8211; dreptul de a solicita accesul la informatiile dumneavoastr\u0103 personale (cunoscut ca dreptul de acces) \u015fi de a solicit\u0103 anumite informa\u0163ii \u00een leg\u0103tur\u0103 cu prelucrarea lor;<\/p><p>- the right to request the rectification of your personal information;<\/p><p>- the right to request the deletion of your personal information;<\/p><p>- the right to request the limitation of the processing of your personal data;<\/p><p>- the right to object to the processing of your personal data;<\/p><p>- the right to receive a copy of your personal data with certain related information. There are excep-tions to this right; for example, if the information is subject to professional secrecy or if by giving you this information we disclose personal data about another person.<\/p><p>\u00cen circumstan\u0163ele limitate \u00een care prelucrarea se va efectua \u00een baza consim\u021b\u0103m\u00e2ntului dumneavoastr\u0103, ave\u0163i dreptul de a retrage consim\u021b\u0103m\u00e2ntul \u00een orice moment. Dup\u0103 ce firma a primit notificarea c\u0103 v-a\u021bi retras acordul, nu vom mai procesa informa\u0163iile dumneavoastr\u0103 pentru scopul sau scopurile ini\u0163ial convenite, dac\u0103 nu avem o alt\u0103 baz\u0103 legitim\u0103 pentru a face acest lucru \u00een lege.<\/p>\t\t\t\t\t<\/div>\n\t\t\t\t\t\t<\/div>\n\t\t\t\t<\/div>\n\t\t\t\t\t\t<\/div>\n\t\t\t\t\t<\/div>\n\t\t<\/div>\n\t\t\t\t\t\t\t\t<\/div>\n\t\t\t\t\t<\/div>\n\t\t<\/section>\n\t\t\t\t<section class=\"elementor-section elementor-inner-section elementor-element elementor-element-5200faf elementor-section-boxed elementor-section-height-default elementor-section-height-default\" data-id=\"5200faf\" data-element_type=\"section\">\n\t\t\t\t\t\t<div class=\"elementor-container elementor-column-gap-default\">\n\t\t\t\t\t\t\t<div class=\"elementor-row\">\n\t\t\t\t\t<div class=\"elementor-column elementor-col-100 elementor-inner-column elementor-element elementor-element-530feb7\" data-id=\"530feb7\" data-element_type=\"column\">\n\t\t\t<div class=\"elementor-column-wrap elementor-element-populated\">\n\t\t\t\t\t\t\t<div class=\"elementor-widget-wrap\">\n\t\t\t\t\t\t<div class=\"elementor-element elementor-element-1913cc3 elementor-widget elementor-widget-spacer\" data-id=\"1913cc3\" data-element_type=\"widget\" data-widget_type=\"spacer.default\">\n\t\t\t\t<div class=\"elementor-widget-container\">\n\t\t\t\t\t<div class=\"elementor-spacer\">\n\t\t\t<div class=\"elementor-spacer-inner\"><\/div>\n\t\t<\/div>\n\t\t\t\t<\/div>\n\t\t\t\t<\/div>\n\t\t\t\t\t\t<\/div>\n\t\t\t\t\t<\/div>\n\t\t<\/div>\n\t\t\t\t\t\t\t\t<\/div>\n\t\t\t\t\t<\/div>\n\t\t<\/section>\n\t\t\t\t<section class=\"elementor-section elementor-inner-section elementor-element elementor-element-8817578 elementor-section-full_width elementor-section-height-default elementor-section-height-default\" data-id=\"8817578\" data-element_type=\"section\">\n\t\t\t\t\t\t<div class=\"elementor-container elementor-column-gap-default\">\n\t\t\t\t\t\t\t<div class=\"elementor-row\">\n\t\t\t\t\t<div class=\"elementor-column elementor-col-50 elementor-inner-column elementor-element elementor-element-9de7741\" data-id=\"9de7741\" data-element_type=\"column\">\n\t\t\t<div class=\"elementor-column-wrap elementor-element-populated\">\n\t\t\t\t\t\t\t<div class=\"elementor-widget-wrap\">\n\t\t\t\t\t\t<div class=\"elementor-element elementor-element-c19fe5a elementor-nav-menu__align-left elementor-nav-menu--dropdown-none elementor-widget elementor-widget-nav-menu\" data-id=\"c19fe5a\" data-element_type=\"widget\" data-settings=\"{&quot;layout&quot;:&quot;horizontal&quot;,&quot;submenu_icon&quot;:{&quot;value&quot;:&quot;&lt;i class=\\&quot;fas fa-caret-down\\&quot;&gt;&lt;\\\/i&gt;&quot;,&quot;library&quot;:&quot;fa-solid&quot;}}\" data-widget_type=\"nav-menu.default\">\n\t\t\t\t<div class=\"elementor-widget-container\">\n\t\t\t\t\t\t<nav migration_allowed=\"1\" migrated=\"0\" class=\"elementor-nav-menu--main elementor-nav-menu__container elementor-nav-menu--layout-horizontal e--pointer-none\">\n\t\t\t\t<ul id=\"menu-1-c19fe5a\" class=\"elementor-nav-menu\"><li class=\"menu-item menu-item-type-post_type menu-item-object-page menu-item-257\"><a href=\"https:\/\/psyperiu.com\/en\/termeni-si-conditii\/\" class=\"elementor-item\">Terms and conditions<\/a><\/li>\n<li class=\"menu-item menu-item-type-post_type menu-item-object-page menu-item-privacy-policy menu-item-263\"><a href=\"https:\/\/psyperiu.com\/en\/politica-de-confidentialitate\/\" class=\"elementor-item\">Privacy policy<\/a><\/li>\n<li class=\"menu-item menu-item-type-custom menu-item-object-custom menu-item-260\"><a href=\"mailto:contact@psyperiu.com\" class=\"elementor-item\">Contact<\/a><\/li>\n<\/ul>\t\t\t<\/nav>\n\t\t\t\t\t\t<nav class=\"elementor-nav-menu--dropdown elementor-nav-menu__container\" aria-hidden=\"true\">\n\t\t\t\t<ul id=\"menu-2-c19fe5a\" class=\"elementor-nav-menu\"><li class=\"menu-item menu-item-type-post_type menu-item-object-page menu-item-257\"><a href=\"https:\/\/psyperiu.com\/en\/termeni-si-conditii\/\" class=\"elementor-item\" tabindex=\"-1\">Terms and conditions<\/a><\/li>\n<li class=\"menu-item menu-item-type-post_type menu-item-object-page menu-item-privacy-policy menu-item-263\"><a href=\"https:\/\/psyperiu.com\/en\/politica-de-confidentialitate\/\" class=\"elementor-item\" tabindex=\"-1\">Privacy policy<\/a><\/li>\n<li class=\"menu-item menu-item-type-custom menu-item-object-custom menu-item-260\"><a href=\"mailto:contact@psyperiu.com\" class=\"elementor-item\" tabindex=\"-1\">Contact<\/a><\/li>\n<\/ul>\t\t\t<\/nav>\n\t\t\t\t<\/div>\n\t\t\t\t<\/div>\n\t\t\t\t<div class=\"elementor-element elementor-element-8f8887a elementor-widget elementor-widget-heading\" data-id=\"8f8887a\" data-element_type=\"widget\" data-widget_type=\"heading.default\">\n\t\t\t\t<div class=\"elementor-widget-container\">\n\t\t\t<div class=\"elementor-heading-title elementor-size-default\">\u00a9 2023 Psyperiu<\/div>\t\t<\/div>\n\t\t\t\t<\/div>\n\t\t\t\t\t\t<\/div>\n\t\t\t\t\t<\/div>\n\t\t<\/div>\n\t\t\t\t<div class=\"elementor-column elementor-col-50 elementor-inner-column elementor-element elementor-element-306c68f\" data-id=\"306c68f\" data-element_type=\"column\">\n\t\t\t<div class=\"elementor-column-wrap elementor-element-populated\">\n\t\t\t\t\t\t\t<div class=\"elementor-widget-wrap\">\n\t\t\t\t\t\t<div class=\"elementor-element elementor-element-2889c12 elementor-widget elementor-widget-heading\" data-id=\"2889c12\" data-element_type=\"widget\" data-widget_type=\"heading.default\">\n\t\t\t\t<div class=\"elementor-widget-container\">\n\t\t\t<div class=\"elementor-heading-title elementor-size-default\">Design &amp; Implementation - <a href=\"https:\/\/play-solutions.ro\/\" target=\"_blank\">PlaySolutions<\/a><\/div>\t\t<\/div>\n\t\t\t\t<\/div>\n\t\t\t\t\t\t<\/div>\n\t\t\t\t\t<\/div>\n\t\t<\/div>\n\t\t\t\t\t\t\t\t<\/div>\n\t\t\t\t\t<\/div>\n\t\t<\/section>\n\t\t\t\t\t\t<\/div>\n\t\t\t\t\t<\/div>\n\t\t<\/div>\n\t\t\t\t\t\t\t\t<\/div>\n\t\t\t\t\t<\/div>\n\t\t<\/section>\n\t\t\t\t<section class=\"elementor-section elementor-top-section elementor-element elementor-element-1d5bb168 elementor-section-boxed elementor-section-height-default elementor-section-height-default\" data-id=\"1d5bb168\" data-element_type=\"section\">\n\t\t\t\t\t\t<div class=\"elementor-container elementor-column-gap-default\">\n\t\t\t\t\t\t\t<div class=\"elementor-row\">\n\t\t\t\t\t<div class=\"elementor-column elementor-col-100 elementor-top-column elementor-element elementor-element-1169c88b\" data-id=\"1169c88b\" data-element_type=\"column\">\n\t\t\t<div class=\"elementor-column-wrap\">\n\t\t\t\t\t\t\t<div class=\"elementor-widget-wrap\">\n\t\t\t\t\t\t\t\t<\/div>\n\t\t\t\t\t<\/div>\n\t\t<\/div>\n\t\t\t\t\t\t\t\t<\/div>\n\t\t\t\t\t<\/div>\n\t\t<\/section>\n\t\t\t\t\t\t\t\t\t<\/div>\n\t\t\t<\/div>\n\t\t\t\t\t<\/div>","protected":false},"excerpt":{"rendered":"<p>meniu Principii fundamentale: &#8211; Ne angaj\u0103m s\u0103 protej\u0103m \u015fi s\u0103 respect\u0103m confiden\u0163ialitatea datelor dumneavoastr\u0103, \u00een special \u00een leg\u0103tur\u0103 cu datele pe care ni le furniza\u021bi sau \u00een leg\u0103tur\u0103 cu datele culese de noi \u00een desf\u0103\u0219urarea activit\u0103\u021bii noastre. &#8211; Stoc\u0103m datele personale pentru numai at\u00e2t timp c\u00e2t avem un motiv s\u0103 le p\u0103str\u0103m. &#8211; Ne propunem [&hellip;]<\/p>","protected":false},"author":1,"featured_media":0,"parent":0,"menu_order":0,"comment_status":"closed","ping_status":"closed","template":"elementor_canvas","meta":[],"_links":{"self":[{"href":"https:\/\/psyperiu.com\/en\/wp-json\/wp\/v2\/pages\/3"}],"collection":[{"href":"https:\/\/psyperiu.com\/en\/wp-json\/wp\/v2\/pages"}],"about":[{"href":"https:\/\/psyperiu.com\/en\/wp-json\/wp\/v2\/types\/page"}],"author":[{"embeddable":true,"href":"https:\/\/psyperiu.com\/en\/wp-json\/wp\/v2\/users\/1"}],"replies":[{"embeddable":true,"href":"https:\/\/psyperiu.com\/en\/wp-json\/wp\/v2\/comments?post=3"}],"version-history":[{"count":16,"href":"https:\/\/psyperiu.com\/en\/wp-json\/wp\/v2\/pages\/3\/revisions"}],"predecessor-version":[{"id":659,"href":"https:\/\/psyperiu.com\/en\/wp-json\/wp\/v2\/pages\/3\/revisions\/659"}],"wp:attachment":[{"href":"https:\/\/psyperiu.com\/en\/wp-json\/wp\/v2\/media?parent=3"}],"curies":[{"name":"wp","href":"https:\/\/api.w.org\/{rel}","templated":true}]}}